{"id":152,"date":"2023-01-29T13:57:19","date_gmt":"2023-01-29T12:57:19","guid":{"rendered":"http:\/\/onano.be\/?page_id=152"},"modified":"2026-03-25T11:30:41","modified_gmt":"2026-03-25T10:30:41","slug":"offres","status":"publish","type":"page","link":"https:\/\/onano.be\/index.php\/offres\/","title":{"rendered":"Offres"},"content":{"rendered":"<p>[et_pb_section fb_built=\u00a0\u00bb1&Prime; bg_img_2=\u00a0\u00bbhttps:\/\/onano.be\/wp-content\/uploads\/2023\/01\/resort-02.jpg\u00a0\u00bb use_background_color_gradient_2=\u00a0\u00bboff\u00a0\u00bb background_color_gradient_direction_2=\u00a0\u00bb105deg\u00a0\u00bb background_color_gradient_stops_2=\u00a0\u00bbrgba(255,255,255,0.65) 0%|rgba(255,255,255,0) 76%\u00a0\u00bb background_color_gradient_start_2=\u00a0\u00bbrgba(255,255,255,0.65)\u00a0\u00bb background_color_gradient_end_2=\u00a0\u00bbrgba(255,255,255,0)\u00a0\u00bb background_color_gradient_start_position_2=\u00a0\u00bb0%\u00a0\u00bb background_color_gradient_end_position_2=\u00a0\u00bb76%\u00a0\u00bb background_color_gradient_overlays_image_2=\u00a0\u00bbon\u00a0\u00bb admin_label=\u00a0\u00bbHeader\u00a0\u00bb _builder_version=\u00a0\u00bb4.20.2&Prime; use_background_color_gradient=\u00a0\u00bbon\u00a0\u00bb background_color_gradient_stops=\u00a0\u00bbrgba(255,255,255,0) 0%|rgba(0,31,99,0.47) 50%\u00a0\u00bb background_color_gradient_overlays_image=\u00a0\u00bbon\u00a0\u00bb background_color_gradient_start=\u00a0\u00bbrgba(255,255,255,0)\u00a0\u00bb background_color_gradient_end=\u00a0\u00bbrgba(0,31,99,0.47)\u00a0\u00bb background_color_gradient_end_position=\u00a0\u00bb50%\u00a0\u00bb background_image=\u00a0\u00bbhttps:\/\/onano.be\/wp-content\/uploads\/2023\/03\/Onano-44.jpg\u00a0\u00bb min_height=\u00a0\u00bb575px\u00a0\u00bb height=\u00a0\u00bb766px\u00a0\u00bb custom_margin=\u00a0\u00bb||50px|||\u00a0\u00bb custom_padding=\u00a0\u00bb20vw|0px|22px|0px|false|false\u00a0\u00bb global_colors_info=\u00a0\u00bb{}\u00a0\u00bb][et_pb_row custom_padding_last_edited=\u00a0\u00bbon|desktop\u00a0\u00bb _builder_version=\u00a0\u00bb4.19.5&Prime; background_enable_color=\u00a0\u00bboff\u00a0\u00bb max_width=\u00a0\u00bb1160px\u00a0\u00bb min_height=\u00a0\u00bb167px\u00a0\u00bb custom_padding=\u00a0\u00bb|40px|0px|40px||true\u00a0\u00bb custom_padding_tablet=\u00a0\u00bb|20px||20px||true\u00a0\u00bb custom_padding_phone=\u00a0\u00bb\u00a0\u00bb use_custom_width=\u00a0\u00bbon\u00a0\u00bb custom_width_px=\u00a0\u00bb1160px\u00a0\u00bb global_colors_info=\u00a0\u00bb{}\u00a0\u00bb][et_pb_column type=\u00a0\u00bb4_4&Prime; _builder_version=\u00a0\u00bb4.19.5&Prime; custom_padding=\u00a0\u00bb|||\u00a0\u00bb global_colors_info=\u00a0\u00bb{}\u00a0\u00bb custom_padding__hover=\u00a0\u00bb|||\u00a0\u00bb][et_pb_text _builder_version=\u00a0\u00bb4.19.5&Prime; text_font=\u00a0\u00bbOpen Sans||||||||\u00a0\u00bb text_font_size=\u00a0\u00bb11px\u00a0\u00bb text_line_height=\u00a0\u00bb2em\u00a0\u00bb header_font=\u00a0\u00bbGilda Display||||||||\u00a0\u00bb header_text_color=\u00a0\u00bb#000000&Prime; header_font_size=\u00a0\u00bb5vw\u00a0\u00bb header_line_height=\u00a0\u00bb1.3em\u00a0\u00bb header_2_font=\u00a0\u00bb|700||on|||||\u00a0\u00bb header_2_font_size=\u00a0\u00bb16px\u00a0\u00bb header_2_letter_spacing=\u00a0\u00bb6px\u00a0\u00bb header_2_line_height=\u00a0\u00bb2em\u00a0\u00bb header_3_font=\u00a0\u00bb||||||||\u00a0\u00bb text_orientation=\u00a0\u00bbcenter\u00a0\u00bb max_width=\u00a0\u00bb705px\u00a0\u00bb module_alignment=\u00a0\u00bbcenter\u00a0\u00bb custom_margin_tablet=\u00a0\u00bb0vw||20px\u00a0\u00bb animation_style=\u00a0\u00bbslide\u00a0\u00bb animation_direction=\u00a0\u00bbleft\u00a0\u00bb header_font_size_tablet=\u00a0\u00bb10vw\u00a0\u00bb header_font_size_phone=\u00a0\u00bb\u00a0\u00bb header_font_size_last_edited=\u00a0\u00bbon|phone\u00a0\u00bb header_2_font_size_tablet=\u00a0\u00bb\u00a0\u00bb header_2_font_size_phone=\u00a0\u00bb12px\u00a0\u00bb header_2_font_size_last_edited=\u00a0\u00bbon|phone\u00a0\u00bb header_text_shadow_style=\u00a0\u00bbpreset3&Prime; header_text_shadow_vertical_length=\u00a0\u00bb0.03em\u00a0\u00bb header_text_shadow_color=\u00a0\u00bb#ffffff\u00a0\u00bb locked=\u00a0\u00bboff\u00a0\u00bb global_colors_info=\u00a0\u00bb{}\u00a0\u00bb header_3_font_size__hover=\u00a0\u00bb22px\u00a0\u00bb header_3_font_size__hover_enabled=\u00a0\u00bb22px\u00a0\u00bb header_3_letter_spacing__hover=\u00a0\u00bb0px\u00a0\u00bb header_3_letter_spacing__hover_enabled=\u00a0\u00bb0px\u00a0\u00bb header_3_line_height__hover=\u00a0\u00bb1em\u00a0\u00bb header_3_line_height__hover_enabled=\u00a0\u00bb1em\u00a0\u00bb header_3_text_shadow_style__hover=\u00a0\u00bbnone\u00a0\u00bb header_3_text_shadow_style__hover_enabled=\u00a0\u00bbnone\u00a0\u00bb header_3_text_shadow_color__hover=\u00a0\u00bbrgba(0,0,0,0.4)\u00a0\u00bb header_3_text_shadow_color__hover_enabled=\u00a0\u00bbrgba(0,0,0,0.4)\u00a0\u00bb]<\/p>\n<h1><span style=\"color: #ffffff;\">Offres<\/span><\/h1>\n<p>[\/et_pb_text][\/et_pb_column][\/et_pb_row][et_pb_row _builder_version=\u00a0\u00bb4.19.5&Prime; _module_preset=\u00a0\u00bbdefault\u00a0\u00bb global_colors_info=\u00a0\u00bb{}\u00a0\u00bb][et_pb_column type=\u00a0\u00bb4_4&Prime; _builder_version=\u00a0\u00bb4.19.5&Prime; _module_preset=\u00a0\u00bbdefault\u00a0\u00bb global_colors_info=\u00a0\u00bb{}\u00a0\u00bb][\/et_pb_column][\/et_pb_row][\/et_pb_section][et_pb_section fb_built=\u00a0\u00bb1&Prime; admin_label=\u00a0\u00bbAbout\u00a0\u00bb _builder_version=\u00a0\u00bb4.16&Prime; min_height=\u00a0\u00bb567.1px\u00a0\u00bb custom_padding=\u00a0\u00bb0px|0px|0px|0px|false|false\u00a0\u00bb global_colors_info=\u00a0\u00bb{}\u00a0\u00bb][et_pb_row _builder_version=\u00a0\u00bb4.19.5&Prime; _module_preset=\u00a0\u00bbdefault\u00a0\u00bb global_colors_info=\u00a0\u00bb{}\u00a0\u00bb][et_pb_column type=\u00a0\u00bb4_4&Prime; _builder_version=\u00a0\u00bb4.19.5&Prime; _module_preset=\u00a0\u00bbdefault\u00a0\u00bb global_colors_info=\u00a0\u00bb{}\u00a0\u00bb][et_pb_text _builder_version=\u00a0\u00bb4.20.2&Prime; _module_preset=\u00a0\u00bbdefault\u00a0\u00bb locked=\u00a0\u00bboff\u00a0\u00bb global_colors_info=\u00a0\u00bb{}\u00a0\u00bb]<\/p>\n<h1>Choisissez une formule pour votre s\u00e9jour<\/h1>\n<p>[\/et_pb_text][\/et_pb_column][\/et_pb_row][et_pb_row _builder_version=\u00a0\u00bb4.19.5&Prime; _module_preset=\u00a0\u00bbdefault\u00a0\u00bb global_colors_info=\u00a0\u00bb{}\u00a0\u00bb][et_pb_column type=\u00a0\u00bb4_4&Prime; _builder_version=\u00a0\u00bb4.19.5&Prime; _module_preset=\u00a0\u00bbdefault\u00a0\u00bb global_colors_info=\u00a0\u00bb{}\u00a0\u00bb][et_pb_pricing_tables featured_table_background_color=\u00a0\u00bb#E09900&Prime; featured_table_header_background_color=\u00a0\u00bb#E02B20&Prime; featured_table_header_text_color=\u00a0\u00bb#E09900&Prime; header_background_color=\u00a0\u00bb#e0b760&Prime; featured_table_subheader_text_color=\u00a0\u00bb#E02B20&Prime; featured_table_price_background_color=\u00a0\u00bb#E09900&Prime; featured_table_price_color=\u00a0\u00bb#E09900&Prime; price_background_color=\u00a0\u00bb#FFFFFF\u00a0\u00bb _builder_version=\u00a0\u00bb4.20.2&Prime; _module_preset=\u00a0\u00bbdefault\u00a0\u00bb price_text_color=\u00a0\u00bb#E09900&Prime; header_font_size=\u00a0\u00bb26px\u00a0\u00bb body_font_size=\u00a0\u00bb17px\u00a0\u00bb price_font_size=\u00a0\u00bb39px\u00a0\u00bb border_color_all=\u00a0\u00bb#FFFFFF\u00a0\u00bb global_colors_info=\u00a0\u00bb{}\u00a0\u00bb][et_pb_pricing_table title=\u00a0\u00bbFormule D\u00e9connexion\u00a0\u00bb subtitle=\u00a0\u00bb\u201cPrenez le temps de vous retrouver\u201d\u00a0\u00bb currency=\u00a0\u00bb\u00e0pd \u20ac\u00a0\u00bb per=\u00a0\u00bb2 nuits\u00a0\u00bb sum=\u00a0\u00bb380&Prime; bullet_color=\u00a0\u00bb#172218&Prime; header_background_color=\u00a0\u00bb#FEFCEC\u00a0\u00bb _builder_version=\u00a0\u00bb4.20.2&Prime; _module_preset=\u00a0\u00bbdefault\u00a0\u00bb price_text_color=\u00a0\u00bb#172218&Prime; header_text_color=\u00a0\u00bb#172218&Prime; header_font_size=\u00a0\u00bb27px\u00a0\u00bb body_text_color=\u00a0\u00bbgcid-b0479293-50d2-487b-bc53-d9514166bea4&Prime; subheader_text_color=\u00a0\u00bb#172218&Prime; global_colors_info=\u00a0\u00bb{%22gcid-b0479293-50d2-487b-bc53-d9514166bea4%22:%91%22body_text_color%22%93}\u00a0\u00bb bullet_color__hover_enabled=\u00a0\u00bbon|desktop\u00a0\u00bb bullet_color__hover=\u00a0\u00bb#172218&Prime; sticky_transition=\u00a0\u00bbon\u00a0\u00bb]<\/p>\n<p><span style=\"font-weight: 400;\">S\u00e9jour de minimum 2 nuits<\/span><\/p>\n<p><span style=\"font-weight: 400;\">Bouteille de bulles<\/span><\/p>\n<p><span style=\"font-weight: 400;\">Repas en option<\/span><\/p>\n<p>[\/et_pb_pricing_table][et_pb_pricing_table title=\u00a0\u00bbFormule Zen\u00a0\u00bb subtitle=\u00a0\u00bb \u201cProfitez de votre s\u00e9jour, on s\u2019occupe de tout\u201d \u00a0\u00bb currency=\u00a0\u00bb\u00e0pd \u20ac\u00a0\u00bb per=\u00a0\u00bbnuit\u00a0\u00bb sum=\u00a0\u00bb350&Prime; bullet_color=\u00a0\u00bb#172218&Prime; header_background_color=\u00a0\u00bb#FEFCEC\u00a0\u00bb _builder_version=\u00a0\u00bb4.20.2&Prime; _module_preset=\u00a0\u00bbdefault\u00a0\u00bb price_text_color=\u00a0\u00bb#172218&Prime; header_text_color=\u00a0\u00bb#172218&Prime; body_text_color=\u00a0\u00bbgcid-b0479293-50d2-487b-bc53-d9514166bea4&Prime; subheader_text_color=\u00a0\u00bb#172218&Prime; global_colors_info=\u00a0\u00bb{%22gcid-b0479293-50d2-487b-bc53-d9514166bea4%22:%91%22body_text_color%22%93}\u00a0\u00bb bullet_color__hover_enabled=\u00a0\u00bbon|desktop\u00a0\u00bb bullet_color__hover=\u00a0\u00bb#172218&Prime; sticky_transition=\u00a0\u00bbon\u00a0\u00bb]<\/p>\n<p>S\u00e9jour une nuit\u00e9e<\/p>\n<p>Bouteille de bulles<br \/>Repas du soir Tapas ou Cheese &amp; Wine<br \/>Panier Brunch<\/p>\n<p>[\/et_pb_pricing_table][et_pb_pricing_table title=\u00a0\u00bbFormule Evasion\u00a0\u00bb subtitle=\u00a0\u00bb\u201cFaites une pause dans votre quotidien\u201d\u00a0\u00bb currency=\u00a0\u00bb\u00e0pd \u20ac\u00a0\u00bb per=\u00a0\u00bbnuit\u00a0\u00bb sum=\u00a0\u00bb240&Prime; bullet_color=\u00a0\u00bb#172218&Prime; header_background_color=\u00a0\u00bb#FEFCEC\u00a0\u00bb _builder_version=\u00a0\u00bb4.20.2&Prime; _module_preset=\u00a0\u00bbdefault\u00a0\u00bb price_text_color=\u00a0\u00bb#172218&Prime; header_text_color=\u00a0\u00bb#172218&Prime; body_text_color=\u00a0\u00bbgcid-b0479293-50d2-487b-bc53-d9514166bea4&Prime; subheader_text_color=\u00a0\u00bb#172218&Prime; global_colors_info=\u00a0\u00bb{%22gcid-b0479293-50d2-487b-bc53-d9514166bea4%22:%91%22body_text_color%22%93}\u00a0\u00bb bullet_color__hover_enabled=\u00a0\u00bbon|desktop\u00a0\u00bb bullet_color__hover=\u00a0\u00bb#172218&Prime; sticky_transition=\u00a0\u00bbon\u00a0\u00bb]<\/p>\n<p><span style=\"font-weight: 400;\">S\u00e9jour une nuit\u00e9e<\/span><\/p>\n<p><span style=\"font-weight: 400;\">Uniquement disponible en semaine<\/span><\/p>\n<p><span style=\"font-weight: 400;\">Bouteille de bulles<\/span><\/p>\n<p><span style=\"font-weight: 400;\">Repas en option<\/span><\/p>\n<p>[\/et_pb_pricing_table][\/et_pb_pricing_tables][et_pb_cta button_url=\u00a0\u00bbhttps:\/\/onano.be\/index.php\/reservations\/\u00a0\u00bb button_text=\u00a0\u00bbR\u00e9servez votre s\u00e9jour\u00a0\u00bb _builder_version=\u00a0\u00bb4.20.2&Prime; _module_preset=\u00a0\u00bbdefault\u00a0\u00bb background_color=\u00a0\u00bbRGBA(255,255,255,0)\u00a0\u00bb custom_button=\u00a0\u00bbon\u00a0\u00bb button_text_color=\u00a0\u00bb#fefcec\u00a0\u00bb button_bg_color=\u00a0\u00bb#172218&Prime; locked=\u00a0\u00bboff\u00a0\u00bb global_colors_info=\u00a0\u00bb{}\u00a0\u00bb][\/et_pb_cta][\/et_pb_column][\/et_pb_row][\/et_pb_section][et_pb_section fb_built=\u00a0\u00bb1&Prime; _builder_version=\u00a0\u00bb4.19.5&Prime; _module_preset=\u00a0\u00bbdefault\u00a0\u00bb background_color=\u00a0\u00bb#FEFCEC\u00a0\u00bb custom_padding=\u00a0\u00bb||54px|||\u00a0\u00bb global_colors_info=\u00a0\u00bb{}\u00a0\u00bb][et_pb_row _builder_version=\u00a0\u00bb4.20.2&Prime; _module_preset=\u00a0\u00bbdefault\u00a0\u00bb global_colors_info=\u00a0\u00bb{}\u00a0\u00bb][et_pb_column type=\u00a0\u00bb4_4&Prime; _builder_version=\u00a0\u00bb4.19.5&Prime; _module_preset=\u00a0\u00bbdefault\u00a0\u00bb global_colors_info=\u00a0\u00bb{}\u00a0\u00bb][et_pb_text _builder_version=\u00a0\u00bb4.20.2&Prime; _module_preset=\u00a0\u00bbdefault\u00a0\u00bb locked=\u00a0\u00bboff\u00a0\u00bb global_colors_info=\u00a0\u00bb{}\u00a0\u00bb]<\/p>\n<h1>Choisissez vos options<\/h1>\n<p>[\/et_pb_text][\/et_pb_column][\/et_pb_row][et_pb_row _builder_version=\u00a0\u00bb4.19.5&Prime; _module_preset=\u00a0\u00bbdefault\u00a0\u00bb locked=\u00a0\u00bboff\u00a0\u00bb global_colors_info=\u00a0\u00bb{}\u00a0\u00bb][et_pb_column type=\u00a0\u00bb4_4&Prime; _builder_version=\u00a0\u00bb4.19.5&Prime; _module_preset=\u00a0\u00bbdefault\u00a0\u00bb global_colors_info=\u00a0\u00bb{}\u00a0\u00bb][et_pb_text _builder_version=\u00a0\u00bb4.19.5&Prime; _module_preset=\u00a0\u00bbdefault\u00a0\u00bb text_text_color=\u00a0\u00bb#FC9569&Prime; text_font_size=\u00a0\u00bb30px\u00a0\u00bb header_font_size=\u00a0\u00bb12px\u00a0\u00bb header_letter_spacing=\u00a0\u00bb4px\u00a0\u00bb global_colors_info=\u00a0\u00bb{}\u00a0\u00bb]<\/p>\n<h2>Les options repas<\/h2>\n<p>[\/et_pb_text][\/et_pb_column][\/et_pb_row][et_pb_row column_structure=\u00a0\u00bb1_4,1_4,1_4,1_4&Prime; _builder_version=\u00a0\u00bb4.20.2&Prime; _module_preset=\u00a0\u00bbdefault\u00a0\u00bb min_height=\u00a0\u00bb127px\u00a0\u00bb global_colors_info=\u00a0\u00bb{}\u00a0\u00bb][et_pb_column type=\u00a0\u00bb1_4&Prime; _builder_version=\u00a0\u00bb4.19.5&Prime; _module_preset=\u00a0\u00bbdefault\u00a0\u00bb global_colors_info=\u00a0\u00bb{}\u00a0\u00bb][et_pb_blurb title=\u00a0\u00bbPanier Petit D\u00e9jeuner\u00a0\u00bb image=\u00a0\u00bbhttps:\/\/onano.be\/wp-content\/uploads\/2023\/02\/petit-dej.jpg\u00a0\u00bb icon_placement=\u00a0\u00bbtop\u00a0\u00bb image_icon_width=\u00a0\u00bb100%\u00a0\u00bb _builder_version=\u00a0\u00bb4.20.2&Prime; _module_preset=\u00a0\u00bbdefault\u00a0\u00bb hover_enabled=\u00a0\u00bb0&Prime; global_colors_info=\u00a0\u00bb{}\u00a0\u00bb sticky_enabled=\u00a0\u00bb0&Prime;]<\/p>\n<p>35\u20ac pour 2 personnes<\/p>\n<p>[\/et_pb_blurb][\/et_pb_column][et_pb_column type=\u00a0\u00bb1_4&Prime; _builder_version=\u00a0\u00bb4.19.5&Prime; _module_preset=\u00a0\u00bbdefault\u00a0\u00bb global_colors_info=\u00a0\u00bb{}\u00a0\u00bb][et_pb_blurb title=\u00a0\u00bbPanier Brunch\u00a0\u00bb image=\u00a0\u00bbhttps:\/\/onano.be\/wp-content\/uploads\/2023\/03\/Onano-41-1-scaled.jpg\u00a0\u00bb icon_placement=\u00a0\u00bbtop\u00a0\u00bb image_icon_width=\u00a0\u00bb100%\u00a0\u00bb _builder_version=\u00a0\u00bb4.20.2&Prime; _module_preset=\u00a0\u00bbdefault\u00a0\u00bb hover_enabled=\u00a0\u00bb0&Prime; global_colors_info=\u00a0\u00bb{}\u00a0\u00bb sticky_enabled=\u00a0\u00bb0&Prime;]<\/p>\n<p>60\u20ac pour 2 personnes<\/p>\n<p>[\/et_pb_blurb][\/et_pb_column][et_pb_column type=\u00a0\u00bb1_4&Prime; _builder_version=\u00a0\u00bb4.19.5&Prime; _module_preset=\u00a0\u00bbdefault\u00a0\u00bb global_colors_info=\u00a0\u00bb{}\u00a0\u00bb][et_pb_blurb title=\u00a0\u00bbPlateau Tapas\u00a0\u00bb image=\u00a0\u00bbhttps:\/\/onano.be\/wp-content\/uploads\/2023\/03\/IMG_2433-2-scaled.jpeg\u00a0\u00bb icon_placement=\u00a0\u00bbtop\u00a0\u00bb image_icon_width=\u00a0\u00bb100%\u00a0\u00bb _builder_version=\u00a0\u00bb4.20.2&Prime; _module_preset=\u00a0\u00bbdefault\u00a0\u00bb hover_enabled=\u00a0\u00bb0&Prime; global_colors_info=\u00a0\u00bb{}\u00a0\u00bb sticky_enabled=\u00a0\u00bb0&Prime;]<\/p>\n<p>50\u20ac pour 2 personnes<\/p>\n<p>[\/et_pb_blurb][\/et_pb_column][et_pb_column type=\u00a0\u00bb1_4&Prime; _builder_version=\u00a0\u00bb4.19.5&Prime; _module_preset=\u00a0\u00bbdefault\u00a0\u00bb global_colors_info=\u00a0\u00bb{}\u00a0\u00bb][et_pb_blurb title=\u00a0\u00bbCheese &#038; Wine\u00a0\u00bb image=\u00a0\u00bbhttps:\/\/onano.be\/wp-content\/uploads\/2023\/03\/Onano-21.jpg\u00a0\u00bb icon_placement=\u00a0\u00bbtop\u00a0\u00bb image_icon_width=\u00a0\u00bb100%\u00a0\u00bb _builder_version=\u00a0\u00bb4.20.2&Prime; _module_preset=\u00a0\u00bbdefault\u00a0\u00bb hover_enabled=\u00a0\u00bb0&Prime; global_colors_info=\u00a0\u00bb{}\u00a0\u00bb sticky_enabled=\u00a0\u00bb0&Prime;]<\/p>\n<p>70\u20ac pour 2 personnes<\/p>\n<ul>\n<li><span style=\"font-weight: 400;\">plateau fromage ou raclette<\/span><\/li>\n<\/ul>\n<p>[\/et_pb_blurb][\/et_pb_column][\/et_pb_row][et_pb_row _builder_version=\u00a0\u00bb4.19.5&Prime; _module_preset=\u00a0\u00bbdefault\u00a0\u00bb global_colors_info=\u00a0\u00bb{}\u00a0\u00bb][et_pb_column type=\u00a0\u00bb4_4&Prime; _builder_version=\u00a0\u00bb4.19.5&Prime; _module_preset=\u00a0\u00bbdefault\u00a0\u00bb global_colors_info=\u00a0\u00bb{}\u00a0\u00bb][et_pb_text _builder_version=\u00a0\u00bb4.19.5&Prime; _module_preset=\u00a0\u00bbdefault\u00a0\u00bb text_text_color=\u00a0\u00bb#FC9569&Prime; text_font_size=\u00a0\u00bb30px\u00a0\u00bb header_font_size=\u00a0\u00bb12px\u00a0\u00bb header_letter_spacing=\u00a0\u00bb4px\u00a0\u00bb custom_padding=\u00a0\u00bb4px|||||\u00a0\u00bb global_colors_info=\u00a0\u00bb{}\u00a0\u00bb]<\/p>\n<h2>Les options bien-\u00eatre by Image de Soi Institut<\/h2>\n<p>[\/et_pb_text][\/et_pb_column][\/et_pb_row][et_pb_row _builder_version=\u00a0\u00bb4.19.5&Prime; _module_preset=\u00a0\u00bbdefault\u00a0\u00bb global_colors_info=\u00a0\u00bb{}\u00a0\u00bb][et_pb_column type=\u00a0\u00bb4_4&Prime; _builder_version=\u00a0\u00bb4.19.5&Prime; _module_preset=\u00a0\u00bbdefault\u00a0\u00bb global_colors_info=\u00a0\u00bb{}\u00a0\u00bb][et_pb_image src=\u00a0\u00bbhttps:\/\/onano.be\/wp-content\/uploads\/2023\/02\/massageb2.jpg\u00a0\u00bb title_text=\u00a0\u00bbmassageb2&Prime; _builder_version=\u00a0\u00bb4.19.5&Prime; _module_preset=\u00a0\u00bbdefault\u00a0\u00bb global_colors_info=\u00a0\u00bb{}\u00a0\u00bb][\/et_pb_image][\/et_pb_column][\/et_pb_row][et_pb_row column_structure=\u00a0\u00bb1_3,1_3,1_3&Prime; _builder_version=\u00a0\u00bb4.19.5&Prime; _module_preset=\u00a0\u00bbdefault\u00a0\u00bb global_colors_info=\u00a0\u00bb{}\u00a0\u00bb][et_pb_column type=\u00a0\u00bb1_3&Prime; _builder_version=\u00a0\u00bb4.19.5&Prime; _module_preset=\u00a0\u00bbdefault\u00a0\u00bb global_colors_info=\u00a0\u00bb{}\u00a0\u00bb][et_pb_text _builder_version=\u00a0\u00bb4.19.5&Prime; _module_preset=\u00a0\u00bbdefault\u00a0\u00bb text_font_size=\u00a0\u00bb25px\u00a0\u00bb global_colors_info=\u00a0\u00bb{}\u00a0\u00bb]<\/p>\n<p><strong>Le pack \u00ab\u00a0Massages\u00a0\u00bb<\/strong><\/p>\n<p>[\/et_pb_text][et_pb_text _builder_version=\u00a0\u00bb4.19.5&Prime; _module_preset=\u00a0\u00bbdefault\u00a0\u00bb global_colors_info=\u00a0\u00bb{}\u00a0\u00bb]<\/p>\n<p>Deux massages du corps aux huiles pr\u00e9cieuses chaudes de 60 minutes, l\u2019un \u00e0 la suite de l\u2019autre, accompagn\u00e9s de son moment de repos et de sa pause \u201cTh\u00e9 Douceur\u201d<\/p>\n<p>[\/et_pb_text][et_pb_text _builder_version=\u00a0\u00bb4.20.2&Prime; _module_preset=\u00a0\u00bbdefault\u00a0\u00bb hover_enabled=\u00a0\u00bb0&Prime; global_colors_info=\u00a0\u00bb{}\u00a0\u00bb sticky_enabled=\u00a0\u00bb0&Prime;]<\/p>\n<p><strong>\u00e0pd 195\u20ac pour 2 personnes<\/strong><\/p>\n<p>[\/et_pb_text][\/et_pb_column][et_pb_column type=\u00a0\u00bb1_3&Prime; _builder_version=\u00a0\u00bb4.19.5&Prime; _module_preset=\u00a0\u00bbdefault\u00a0\u00bb global_colors_info=\u00a0\u00bb{}\u00a0\u00bb][et_pb_text _builder_version=\u00a0\u00bb4.20.2&Prime; _module_preset=\u00a0\u00bbdefault\u00a0\u00bb text_font_size=\u00a0\u00bb25px\u00a0\u00bb global_colors_info=\u00a0\u00bb{}\u00a0\u00bb]<\/p>\n<p><strong>Le pack \u00ab\u00a0\u00d4 NaNo\u00a0\u00bb<\/strong><\/p>\n<p>[\/et_pb_text][et_pb_text _builder_version=\u00a0\u00bb4.20.2&Prime; _module_preset=\u00a0\u00bbdefault\u00a0\u00bb global_colors_info=\u00a0\u00bb{}\u00a0\u00bb]<\/p>\n<p><span style=\"color: #800000;\"><em>3h de soin \u00e0 deux avec une esth\u00e9ticienne sur place<\/em><\/span><\/p>\n<ul>\n<li>Deux gommages du corps gourmands aux notes poudr\u00e9es et ses effleurages hydradants.<\/li>\n<li>Deux massages relaxants du visage, du cou, du d\u00e9collet\u00e9 et cuir chevelu \u00ab Aux sources du Bio \u00bb, avec une gamme pr\u00e9cieusement choisie chez Maria Galland et ses compresses chaudes.<\/li>\n<li>Deux massages du corps aux huiles pr\u00e9cieuses chauff\u00e9es \u00ab saveur Mono\u00ef \u00bb.<\/li>\n<li>Moments de repos avec quelques pages du livre de Pauline Drion\u2026<\/li>\n<li>Pauses \u00ab Th\u00e9 Douceur \u00bb avec nos infusions bio<\/li>\n<\/ul>\n<p>[\/et_pb_text][et_pb_text _builder_version=\u00a0\u00bb4.20.2&Prime; _module_preset=\u00a0\u00bbdefault\u00a0\u00bb hover_enabled=\u00a0\u00bb0&Prime; global_colors_info=\u00a0\u00bb{}\u00a0\u00bb sticky_enabled=\u00a0\u00bb0&Prime;]<\/p>\n<p><strong>\u00e0pd 320\u20ac pour 2 personnes<\/strong><\/p>\n<p>[\/et_pb_text][\/et_pb_column][et_pb_column type=\u00a0\u00bb1_3&Prime; _builder_version=\u00a0\u00bb4.19.5&Prime; _module_preset=\u00a0\u00bbdefault\u00a0\u00bb global_colors_info=\u00a0\u00bb{}\u00a0\u00bb][et_pb_text _builder_version=\u00a0\u00bb4.20.2&Prime; _module_preset=\u00a0\u00bbdefault\u00a0\u00bb text_font_size=\u00a0\u00bb25px\u00a0\u00bb global_colors_info=\u00a0\u00bb{}\u00a0\u00bb]<\/p>\n<p><strong>La pack \u00ab\u00a0\u00d4 NaNo en duo\u00a0\u00bb<\/strong><\/p>\n<p>[\/et_pb_text][et_pb_text _builder_version=\u00a0\u00bb4.19.5&Prime; _module_preset=\u00a0\u00bbdefault\u00a0\u00bb global_colors_info=\u00a0\u00bb{}\u00a0\u00bb]<\/p>\n<p><span style=\"color: #800000;\"><em>Plus de 2h30 de soins chacun, avec deux esth\u00e9ticiennes sur place<\/em><\/span><\/p>\n<ul>\n<li>Deux gommages du corps gourmands et effleurages hydratants<\/li>\n<li>Deux r\u00e9-immersions avec enveloppement r\u00e9parateur \u00e0 l&rsquo;huile d&rsquo;argan bio, coussin chauffant et massage des trap\u00e8zes ainsi que du cuir chevelu<\/li>\n<li>Deux massages relaxants du visage, du cou, du d\u00e9collet\u00e9 et cuir chevelu \u00ab Aux sources du Bio \u00bb, avec une gamme pr\u00e9cieusement choisie chez Maria Galland et ses compresses chaudes<\/li>\n<li>Deux massages Zen du corps aux huiles chaudes \u00ab saveur Mono\u00ef \u00bb\u00a0<\/li>\n<li>Moments de repos avec quelques pages du livre de Pauline Drion<\/li>\n<li>Pauses \u00ab Th\u00e9 Douceur \u00bb avec nos infusions bio.<em><br \/><\/em><\/li>\n<\/ul>\n<p>[\/et_pb_text][et_pb_text _builder_version=\u00a0\u00bb4.20.2&Prime; _module_preset=\u00a0\u00bbdefault\u00a0\u00bb hover_enabled=\u00a0\u00bb0&Prime; global_colors_info=\u00a0\u00bb{}\u00a0\u00bb sticky_enabled=\u00a0\u00bb0&Prime;]<\/p>\n<p><strong>\u00e0pd 500\u20ac pour 2 personnes<\/strong><\/p>\n<p>[\/et_pb_text][\/et_pb_column][\/et_pb_row][et_pb_row _builder_version=\u00a0\u00bb4.20.2&Prime; _module_preset=\u00a0\u00bbdefault\u00a0\u00bb global_colors_info=\u00a0\u00bb{}\u00a0\u00bb][et_pb_column type=\u00a0\u00bb4_4&Prime; _builder_version=\u00a0\u00bb4.20.2&Prime; _module_preset=\u00a0\u00bbdefault\u00a0\u00bb global_colors_info=\u00a0\u00bb{}\u00a0\u00bb][et_pb_cta button_url=\u00a0\u00bbhttps:\/\/onano.be\/index.php\/reservations\/\u00a0\u00bb button_text=\u00a0\u00bbR\u00e9servez votre s\u00e9jour\u00a0\u00bb _builder_version=\u00a0\u00bb4.20.2&Prime; _module_preset=\u00a0\u00bbdefault\u00a0\u00bb background_color=\u00a0\u00bbRGBA(255,255,255,0)\u00a0\u00bb custom_button=\u00a0\u00bbon\u00a0\u00bb button_text_color=\u00a0\u00bb#fefcec\u00a0\u00bb button_bg_color=\u00a0\u00bb#172218&Prime; locked=\u00a0\u00bboff\u00a0\u00bb global_colors_info=\u00a0\u00bb{}\u00a0\u00bb][\/et_pb_cta][\/et_pb_column][\/et_pb_row][\/et_pb_section][et_pb_section fb_built=\u00a0\u00bb1&Prime; admin_label=\u00a0\u00bbGallery\u00a0\u00bb _builder_version=\u00a0\u00bb4.20.2&Prime; background_color=\u00a0\u00bbrgba(0,0,0,0)\u00a0\u00bb background_image=\u00a0\u00bbhttps:\/\/onano.be\/wp-content\/uploads\/2023\/01\/IMG_1177.jpeg\u00a0\u00bb min_height=\u00a0\u00bb300px\u00a0\u00bb height=\u00a0\u00bb300px\u00a0\u00bb custom_padding=\u00a0\u00bb0|0px|54px|0px|false|false\u00a0\u00bb global_colors_info=\u00a0\u00bb{}\u00a0\u00bb][\/et_pb_section]<\/p>\n","protected":false},"excerpt":{"rendered":"<p>OffresChoisissez une formule pour votre s\u00e9jourS\u00e9jour de minimum 2 nuits Bouteille de bulles Repas en optionS\u00e9jour une nuit\u00e9e Bouteille de bullesRepas du soir Tapas ou Cheese &amp; WinePanier BrunchS\u00e9jour une nuit\u00e9e Uniquement disponible en semaine Bouteille de bulles Repas en optionChoisissez vos optionsLes options repas35\u20ac pour 2 personnes60\u20ac pour 2 personnes50\u20ac pour 2 personnes70\u20ac pour [&hellip;]<\/p>\n","protected":false},"author":1,"featured_media":0,"parent":0,"menu_order":0,"comment_status":"closed","ping_status":"closed","template":"","meta":{"_et_pb_use_builder":"on","_et_pb_old_content":"","_et_gb_content_width":"","om_disable_all_campaigns":false,"_monsterinsights_skip_tracking":false,"_monsterinsights_sitenote_active":false,"_monsterinsights_sitenote_note":"","_monsterinsights_sitenote_category":0,"_uf_show_specific_survey":0,"_uf_disable_surveys":false,"footnotes":""},"class_list":["post-152","page","type-page","status-publish","hentry"],"aioseo_notices":[],"_links":{"self":[{"href":"https:\/\/onano.be\/index.php\/wp-json\/wp\/v2\/pages\/152","targetHints":{"allow":["GET"]}}],"collection":[{"href":"https:\/\/onano.be\/index.php\/wp-json\/wp\/v2\/pages"}],"about":[{"href":"https:\/\/onano.be\/index.php\/wp-json\/wp\/v2\/types\/page"}],"author":[{"embeddable":true,"href":"https:\/\/onano.be\/index.php\/wp-json\/wp\/v2\/users\/1"}],"replies":[{"embeddable":true,"href":"https:\/\/onano.be\/index.php\/wp-json\/wp\/v2\/comments?post=152"}],"version-history":[{"count":57,"href":"https:\/\/onano.be\/index.php\/wp-json\/wp\/v2\/pages\/152\/revisions"}],"predecessor-version":[{"id":816,"href":"https:\/\/onano.be\/index.php\/wp-json\/wp\/v2\/pages\/152\/revisions\/816"}],"wp:attachment":[{"href":"https:\/\/onano.be\/index.php\/wp-json\/wp\/v2\/media?parent=152"}],"curies":[{"name":"wp","href":"https:\/\/api.w.org\/{rel}","templated":true}]}}