{"id":180,"date":"2023-01-29T16:49:31","date_gmt":"2023-01-29T15:49:31","guid":{"rendered":"http:\/\/onano.be\/?page_id=180"},"modified":"2024-08-01T23:28:17","modified_gmt":"2024-08-01T21:28:17","slug":"informations","status":"publish","type":"page","link":"https:\/\/onano.be\/index.php\/informations\/","title":{"rendered":"Informations"},"content":{"rendered":"<p>[et_pb_section fb_built=\u00a0\u00bb1&Prime; bg_img_2=\u00a0\u00bbhttps:\/\/onano.be\/wp-content\/uploads\/2023\/01\/resort-02.jpg\u00a0\u00bb use_background_color_gradient_2=\u00a0\u00bboff\u00a0\u00bb background_color_gradient_direction_2=\u00a0\u00bb105deg\u00a0\u00bb background_color_gradient_stops_2=\u00a0\u00bbrgba(255,255,255,0.65) 0%|rgba(255,255,255,0) 76%\u00a0\u00bb background_color_gradient_start_2=\u00a0\u00bbrgba(255,255,255,0.65)\u00a0\u00bb background_color_gradient_end_2=\u00a0\u00bbrgba(255,255,255,0)\u00a0\u00bb background_color_gradient_start_position_2=\u00a0\u00bb0%\u00a0\u00bb background_color_gradient_end_position_2=\u00a0\u00bb76%\u00a0\u00bb background_color_gradient_overlays_image_2=\u00a0\u00bbon\u00a0\u00bb admin_label=\u00a0\u00bbHeader\u00a0\u00bb _builder_version=\u00a0\u00bb4.20.2&Prime; background_image=\u00a0\u00bbhttps:\/\/onano.be\/wp-content\/uploads\/2024\/01\/IMG_4692.jpeg\u00a0\u00bb custom_padding=\u00a0\u00bb20vw|0px|0|0px|false|false\u00a0\u00bb global_colors_info=\u00a0\u00bb{}\u00a0\u00bb][et_pb_row custom_padding_last_edited=\u00a0\u00bbon|desktop\u00a0\u00bb _builder_version=\u00a0\u00bb4.19.5&Prime; background_enable_color=\u00a0\u00bboff\u00a0\u00bb max_width=\u00a0\u00bb1160px\u00a0\u00bb min_height=\u00a0\u00bb167px\u00a0\u00bb custom_padding=\u00a0\u00bb|40px|0px|40px||true\u00a0\u00bb custom_padding_tablet=\u00a0\u00bb|20px||20px||true\u00a0\u00bb custom_padding_phone=\u00a0\u00bb\u00a0\u00bb use_custom_width=\u00a0\u00bbon\u00a0\u00bb custom_width_px=\u00a0\u00bb1160px\u00a0\u00bb global_colors_info=\u00a0\u00bb{}\u00a0\u00bb][et_pb_column type=\u00a0\u00bb4_4&Prime; _builder_version=\u00a0\u00bb4.19.5&Prime; custom_padding=\u00a0\u00bb|||\u00a0\u00bb global_colors_info=\u00a0\u00bb{}\u00a0\u00bb custom_padding__hover=\u00a0\u00bb|||\u00a0\u00bb][et_pb_text _builder_version=\u00a0\u00bb4.19.5&Prime; text_font=\u00a0\u00bbOpen Sans||||||||\u00a0\u00bb text_font_size=\u00a0\u00bb11px\u00a0\u00bb text_line_height=\u00a0\u00bb2em\u00a0\u00bb header_font=\u00a0\u00bbGilda Display||||||||\u00a0\u00bb header_text_color=\u00a0\u00bb#000000&Prime; header_font_size=\u00a0\u00bb5vw\u00a0\u00bb header_line_height=\u00a0\u00bb1.3em\u00a0\u00bb header_2_font=\u00a0\u00bb|700||on|||||\u00a0\u00bb header_2_font_size=\u00a0\u00bb16px\u00a0\u00bb header_2_letter_spacing=\u00a0\u00bb6px\u00a0\u00bb header_2_line_height=\u00a0\u00bb2em\u00a0\u00bb header_3_font=\u00a0\u00bb||||||||\u00a0\u00bb text_orientation=\u00a0\u00bbcenter\u00a0\u00bb max_width=\u00a0\u00bb800%\u00a0\u00bb module_alignment=\u00a0\u00bbcenter\u00a0\u00bb custom_margin_tablet=\u00a0\u00bb0vw||20px\u00a0\u00bb animation_style=\u00a0\u00bbslide\u00a0\u00bb animation_direction=\u00a0\u00bbleft\u00a0\u00bb header_font_size_tablet=\u00a0\u00bb10vw\u00a0\u00bb header_font_size_phone=\u00a0\u00bb\u00a0\u00bb header_font_size_last_edited=\u00a0\u00bbon|phone\u00a0\u00bb header_2_font_size_tablet=\u00a0\u00bb\u00a0\u00bb header_2_font_size_phone=\u00a0\u00bb12px\u00a0\u00bb header_2_font_size_last_edited=\u00a0\u00bbon|phone\u00a0\u00bb header_text_shadow_style=\u00a0\u00bbpreset3&Prime; header_text_shadow_vertical_length=\u00a0\u00bb0.03em\u00a0\u00bb header_text_shadow_color=\u00a0\u00bb#ffffff\u00a0\u00bb locked=\u00a0\u00bboff\u00a0\u00bb global_colors_info=\u00a0\u00bb{}\u00a0\u00bb header_3_font_size__hover=\u00a0\u00bb22px\u00a0\u00bb header_3_font_size__hover_enabled=\u00a0\u00bb22px\u00a0\u00bb header_3_letter_spacing__hover=\u00a0\u00bb0px\u00a0\u00bb header_3_letter_spacing__hover_enabled=\u00a0\u00bb0px\u00a0\u00bb header_3_line_height__hover=\u00a0\u00bb1em\u00a0\u00bb header_3_line_height__hover_enabled=\u00a0\u00bb1em\u00a0\u00bb header_3_text_shadow_style__hover=\u00a0\u00bbnone\u00a0\u00bb header_3_text_shadow_style__hover_enabled=\u00a0\u00bbnone\u00a0\u00bb header_3_text_shadow_color__hover=\u00a0\u00bbrgba(0,0,0,0.4)\u00a0\u00bb header_3_text_shadow_color__hover_enabled=\u00a0\u00bbrgba(0,0,0,0.4)\u00a0\u00bb]<\/p>\n<h1><span style=\"color: #ffffff;\">Informations<\/span><\/h1>\n<p>[\/et_pb_text][\/et_pb_column][\/et_pb_row][\/et_pb_section][et_pb_section fb_built=\u00a0\u00bb1&Prime; admin_label=\u00a0\u00bbAbout\u00a0\u00bb _builder_version=\u00a0\u00bb4.19.5&Prime; custom_padding=\u00a0\u00bb0|0px|0px|0px|false|false\u00a0\u00bb global_colors_info=\u00a0\u00bb{}\u00a0\u00bb][et_pb_row column_structure=\u00a0\u00bb1_5,1_5,1_5,1_5,1_5&Prime; _builder_version=\u00a0\u00bb4.19.5&Prime; _module_preset=\u00a0\u00bbdefault\u00a0\u00bb global_colors_info=\u00a0\u00bb{}\u00a0\u00bb][et_pb_column type=\u00a0\u00bb1_5&Prime; _builder_version=\u00a0\u00bb4.19.5&Prime; _module_preset=\u00a0\u00bbdefault\u00a0\u00bb global_colors_info=\u00a0\u00bb{}\u00a0\u00bb][et_pb_blurb title=\u00a0\u00bbS\u00e9jour\u00a0\u00bb use_icon=\u00a0\u00bbon\u00a0\u00bb font_icon=\u00a0\u00bb&#xf4b8;||fa||900&Prime; icon_color=\u00a0\u00bb#436346&Prime; icon_placement=\u00a0\u00bbleft\u00a0\u00bb image_icon_width=\u00a0\u00bb16px\u00a0\u00bb _builder_version=\u00a0\u00bb4.20.1&Prime; _module_preset=\u00a0\u00bbe7534277-442d-4ec5-adee-0d8e6536e3be\u00a0\u00bb header_level=\u00a0\u00bbh5&Prime; header_font=\u00a0\u00bb|600||on|||||\u00a0\u00bb header_text_color=\u00a0\u00bb#436346&Prime; header_font_size=\u00a0\u00bb14px\u00a0\u00bb header_letter_spacing=\u00a0\u00bb1px\u00a0\u00bb header_line_height=\u00a0\u00bb1.3em\u00a0\u00bb body_font=\u00a0\u00bb||||||||\u00a0\u00bb body_text_color=\u00a0\u00bbrgba(0,0,0,0.3)\u00a0\u00bb link_option_url=\u00a0\u00bb#\u00a0\u00bb icon_font_size=\u00a0\u00bb16px\u00a0\u00bb locked=\u00a0\u00bboff\u00a0\u00bb global_colors_info=\u00a0\u00bb{}\u00a0\u00bb icon_color__hover=\u00a0\u00bb#ff5900&Prime; icon_color__hover_enabled=\u00a0\u00bbon\u00a0\u00bb][\/et_pb_blurb][et_pb_divider color=\u00a0\u00bb#436346&Prime; divider_weight=\u00a0\u00bb2px\u00a0\u00bb _builder_version=\u00a0\u00bb4.20.1&Prime; _module_preset=\u00a0\u00bbdefault\u00a0\u00bb global_colors_info=\u00a0\u00bb{}\u00a0\u00bb][\/et_pb_divider][et_pb_text _builder_version=\u00a0\u00bb4.19.5&Prime; _module_preset=\u00a0\u00bbdefault\u00a0\u00bb global_colors_info=\u00a0\u00bb{}\u00a0\u00bb]<\/p>\n<ul>\n<li><span style=\"font-weight: 400;\">WiFi<\/span><\/li>\n<li><span style=\"font-weight: 400;\">Enceinte Bluetooth<\/span><\/li>\n<li>Relax XL<span style=\"font-weight: 400;\"><\/span><\/li>\n<li><span style=\"font-weight: 400;\">Po\u00eale \u00e0 pellets<\/span><\/li>\n<\/ul>\n<p>[\/et_pb_text][\/et_pb_column][et_pb_column type=\u00a0\u00bb1_5&Prime; _builder_version=\u00a0\u00bb4.19.5&Prime; _module_preset=\u00a0\u00bbdefault\u00a0\u00bb global_colors_info=\u00a0\u00bb{}\u00a0\u00bb][et_pb_blurb title=\u00a0\u00bbCuisine\u00a0\u00bb use_icon=\u00a0\u00bbon\u00a0\u00bb font_icon=\u00a0\u00bb&#xf2e7;||fa||900&Prime; _builder_version=\u00a0\u00bb4.20.1&Prime; _module_preset=\u00a0\u00bbdefault\u00a0\u00bb link_option_url=\u00a0\u00bb#\u00a0\u00bb icon_font_size=\u00a0\u00bb16px\u00a0\u00bb locked=\u00a0\u00bboff\u00a0\u00bb global_colors_info=\u00a0\u00bb{}\u00a0\u00bb][\/et_pb_blurb][et_pb_divider color=\u00a0\u00bb#436346&Prime; divider_weight=\u00a0\u00bb2px\u00a0\u00bb _builder_version=\u00a0\u00bb4.20.1&Prime; _module_preset=\u00a0\u00bbdefault\u00a0\u00bb global_colors_info=\u00a0\u00bb{}\u00a0\u00bb][\/et_pb_divider][et_pb_text _builder_version=\u00a0\u00bb4.19.5&Prime; _module_preset=\u00a0\u00bbdefault\u00a0\u00bb global_colors_info=\u00a0\u00bb{}\u00a0\u00bb]<\/p>\n<ul>\n<li><span style=\"font-weight: 400;\">Cuisine \u00e9quip\u00e9e<\/span><\/li>\n<li><span style=\"font-weight: 400;\">Four<\/span><\/li>\n<li><span style=\"font-weight: 400;\">Micro-ondes<\/span><\/li>\n<li><span style=\"font-weight: 400;\">Lave-vaisselle<\/span><\/li>\n<li><span style=\"font-weight: 400;\">Cong\u00e9lateur<\/span><\/li>\n<li><span style=\"font-weight: 400;\">Bouilloire<\/span><\/li>\n<li><span style=\"font-weight: 400;\">Machine \u00e0 caf\u00e9 Nespresso<\/span><\/li>\n<li>Caf\u00e9 et th\u00e9<span style=\"font-weight: 400;\"><\/span><\/li>\n<li><span style=\"font-weight: 400;\">Appareil \u00e0 raclette<\/span><\/li>\n<\/ul>\n<p>[\/et_pb_text][\/et_pb_column][et_pb_column type=\u00a0\u00bb1_5&Prime; _builder_version=\u00a0\u00bb4.19.5&Prime; _module_preset=\u00a0\u00bbdefault\u00a0\u00bb global_colors_info=\u00a0\u00bb{}\u00a0\u00bb][et_pb_blurb title=\u00a0\u00bbChambre\u00a0\u00bb use_icon=\u00a0\u00bbon\u00a0\u00bb font_icon=\u00a0\u00bb&#xf236;||fa||900&Prime; _builder_version=\u00a0\u00bb4.20.1&Prime; _module_preset=\u00a0\u00bbcc155e44-c129-4f50-8f95-022571133418&Prime; link_option_url=\u00a0\u00bb#\u00a0\u00bb icon_font_size=\u00a0\u00bb16px\u00a0\u00bb locked=\u00a0\u00bboff\u00a0\u00bb global_colors_info=\u00a0\u00bb{}\u00a0\u00bb][\/et_pb_blurb][et_pb_divider color=\u00a0\u00bb#436346&Prime; divider_weight=\u00a0\u00bb2px\u00a0\u00bb _builder_version=\u00a0\u00bb4.20.1&Prime; _module_preset=\u00a0\u00bbdefault\u00a0\u00bb global_colors_info=\u00a0\u00bb{}\u00a0\u00bb][\/et_pb_divider][et_pb_text _builder_version=\u00a0\u00bb4.19.5&Prime; _module_preset=\u00a0\u00bbdefault\u00a0\u00bb global_colors_info=\u00a0\u00bb{}\u00a0\u00bb]<\/p>\n<ul>\n<li>Lit double 160 cm<\/li>\n<li>Linge de lit<\/li>\n<\/ul>\n<p>[\/et_pb_text][\/et_pb_column][et_pb_column type=\u00a0\u00bb1_5&Prime; _builder_version=\u00a0\u00bb4.19.5&Prime; _module_preset=\u00a0\u00bbdefault\u00a0\u00bb global_colors_info=\u00a0\u00bb{}\u00a0\u00bb][et_pb_blurb title=\u00a0\u00bbSalle de bain\u00a0\u00bb use_icon=\u00a0\u00bbon\u00a0\u00bb font_icon=\u00a0\u00bb&#xf2cd;||fa||900&Prime; _builder_version=\u00a0\u00bb4.20.1&Prime; _module_preset=\u00a0\u00bbcc155e44-c129-4f50-8f95-022571133418&Prime; link_option_url=\u00a0\u00bb#\u00a0\u00bb icon_font_size=\u00a0\u00bb16px\u00a0\u00bb locked=\u00a0\u00bboff\u00a0\u00bb global_colors_info=\u00a0\u00bb{}\u00a0\u00bb][\/et_pb_blurb][et_pb_divider color=\u00a0\u00bb#436346&Prime; divider_weight=\u00a0\u00bb2px\u00a0\u00bb _builder_version=\u00a0\u00bb4.20.1&Prime; _module_preset=\u00a0\u00bbdefault\u00a0\u00bb global_colors_info=\u00a0\u00bb{}\u00a0\u00bb][\/et_pb_divider][et_pb_text _builder_version=\u00a0\u00bb4.19.5&Prime; _module_preset=\u00a0\u00bbdefault\u00a0\u00bb global_colors_info=\u00a0\u00bb{}\u00a0\u00bb]<\/p>\n<ul>\n<li>Douche<\/li>\n<li>Lavabo<\/li>\n<li>Toilette<\/li>\n<li>S\u00e8che-serviettes<\/li>\n<li>S\u00e8che-cheveux<\/li>\n<li>Linge de bain<\/li>\n<li>Papier-toilette<\/li>\n<\/ul>\n<p>[\/et_pb_text][\/et_pb_column][et_pb_column type=\u00a0\u00bb1_5&Prime; _builder_version=\u00a0\u00bb4.19.5&Prime; _module_preset=\u00a0\u00bbdefault\u00a0\u00bb global_colors_info=\u00a0\u00bb{}\u00a0\u00bb][et_pb_blurb title=\u00a0\u00bbExt\u00e9rieurs\u00a0\u00bb use_icon=\u00a0\u00bbon\u00a0\u00bb font_icon=\u00a0\u00bb&#xf1bb;||fa||900&Prime; _builder_version=\u00a0\u00bb4.20.1&Prime; link_option_url=\u00a0\u00bb#\u00a0\u00bb icon_font_size=\u00a0\u00bb16px\u00a0\u00bb locked=\u00a0\u00bboff\u00a0\u00bb global_colors_info=\u00a0\u00bb{}\u00a0\u00bb][\/et_pb_blurb][et_pb_divider color=\u00a0\u00bb#436346&Prime; divider_weight=\u00a0\u00bb2px\u00a0\u00bb _builder_version=\u00a0\u00bb4.20.1&Prime; _module_preset=\u00a0\u00bbdefault\u00a0\u00bb global_colors_info=\u00a0\u00bb{}\u00a0\u00bb][\/et_pb_divider][et_pb_text _builder_version=\u00a0\u00bb4.20.2&Prime; _module_preset=\u00a0\u00bbdefault\u00a0\u00bb global_colors_info=\u00a0\u00bb{}\u00a0\u00bb]<\/p>\n<ul>\n<li>Parking gratuit<\/li>\n<li>Jacuzzi (accessible toute l&rsquo;ann\u00e9e)<\/li>\n<li>Terrasse avec vue<\/li>\n<li>Mobilier ext\u00e9rieur<\/li>\n<li>Transats<\/li>\n<\/ul>\n<p>[\/et_pb_text][\/et_pb_column][\/et_pb_row][\/et_pb_section][et_pb_section fb_built=\u00a0\u00bb1&Prime; admin_label=\u00a0\u00bbGallery\u00a0\u00bb _builder_version=\u00a0\u00bb4.16&Prime; background_color=\u00a0\u00bbrgba(0,0,0,0)\u00a0\u00bb custom_padding=\u00a0\u00bb0|0px|54px|0px|false|false\u00a0\u00bb global_colors_info=\u00a0\u00bb{}\u00a0\u00bb][et_pb_row column_structure=\u00a0\u00bb1_3,1_3,1_3&Prime; _builder_version=\u00a0\u00bb4.19.5&Prime; custom_padding=\u00a0\u00bb10px||6px|||\u00a0\u00bb global_colors_info=\u00a0\u00bb{}\u00a0\u00bb][et_pb_column type=\u00a0\u00bb1_3&Prime; _builder_version=\u00a0\u00bb4.19.5&Prime; custom_padding=\u00a0\u00bb24px|||\u00a0\u00bb global_colors_info=\u00a0\u00bb{}\u00a0\u00bb custom_padding__hover=\u00a0\u00bb|||\u00a0\u00bb][et_pb_blurb title=\u00a0\u00bbAdresse\u00a0\u00bb use_icon=\u00a0\u00bbon\u00a0\u00bb font_icon=\u00a0\u00bb&#xe081;||divi||400&Prime; _builder_version=\u00a0\u00bb4.20.1&Prime; link_option_url=\u00a0\u00bb#\u00a0\u00bb icon_font_size=\u00a0\u00bb16px\u00a0\u00bb global_colors_info=\u00a0\u00bb{}\u00a0\u00bb]<\/p>\n<p><span>Nelhain 2A, 4607 Mortroux<\/span><\/p>\n<p>[\/et_pb_blurb][et_pb_blurb title=\u00a0\u00bbContact\u00a0\u00bb use_icon=\u00a0\u00bbon\u00a0\u00bb font_icon=\u00a0\u00bb&#xe066;||divi||400&Prime; _builder_version=\u00a0\u00bb4.20.1&Prime; link_option_url=\u00a0\u00bb#\u00a0\u00bb icon_font_size=\u00a0\u00bb16px\u00a0\u00bb locked=\u00a0\u00bboff\u00a0\u00bb global_colors_info=\u00a0\u00bb{}\u00a0\u00bb]<\/p>\n<p><span><span lang=\"EN-US\"><a href=\"mailto:info@bushaye.com\">info@bushaye.com<\/a><br \/><\/span><\/span><span><span lang=\"EN-US\">+32 499 650 388<\/span><\/span><\/p>\n<p>[\/et_pb_blurb][et_pb_blurb title=\u00a0\u00bbCapacit\u00e9\u00a0\u00bb use_icon=\u00a0\u00bbon\u00a0\u00bb font_icon=\u00a0\u00bb&#xe08a;||divi||400&Prime; _builder_version=\u00a0\u00bb4.20.2&Prime; link_option_url=\u00a0\u00bb#\u00a0\u00bb hover_enabled=\u00a0\u00bb0&Prime; icon_font_size=\u00a0\u00bb16px\u00a0\u00bb locked=\u00a0\u00bboff\u00a0\u00bb global_colors_info=\u00a0\u00bb{}\u00a0\u00bb sticky_enabled=\u00a0\u00bb0&Prime;]<\/p>\n<p>Max 2 personnes<\/p>\n<p>Adults only<\/p>\n<p>[\/et_pb_blurb][et_pb_blurb title=\u00a0\u00bbAnimaux\u00a0\u00bb use_icon=\u00a0\u00bbon\u00a0\u00bb font_icon=\u00a0\u00bb&#xf1b0;||fa||900&Prime; _builder_version=\u00a0\u00bb4.20.1&Prime; link_option_url=\u00a0\u00bb#\u00a0\u00bb icon_font_size=\u00a0\u00bb16px\u00a0\u00bb locked=\u00a0\u00bboff\u00a0\u00bb global_colors_info=\u00a0\u00bb{}\u00a0\u00bb]<\/p>\n<p>Non admis<\/p>\n<p>[\/et_pb_blurb][\/et_pb_column][et_pb_column type=\u00a0\u00bb1_3&Prime; _builder_version=\u00a0\u00bb4.16&Prime; custom_padding=\u00a0\u00bb24px|||\u00a0\u00bb global_colors_info=\u00a0\u00bb{}\u00a0\u00bb custom_padding__hover=\u00a0\u00bb|||\u00a0\u00bb][et_pb_blurb title=\u00a0\u00bbLogement non fumeur\u00a0\u00bb use_icon=\u00a0\u00bbon\u00a0\u00bb font_icon=\u00a0\u00bb&#xf54d;||fa||900&Prime; _builder_version=\u00a0\u00bb4.20.1&Prime; link_option_url=\u00a0\u00bb#\u00a0\u00bb icon_font_size=\u00a0\u00bb16px\u00a0\u00bb locked=\u00a0\u00bboff\u00a0\u00bb global_colors_info=\u00a0\u00bb{}\u00a0\u00bb][\/et_pb_blurb][et_pb_blurb title=\u00a0\u00bbF\u00eates \/ Ev\u00e8nements\u00a0\u00bb use_icon=\u00a0\u00bbon\u00a0\u00bb font_icon=\u00a0\u00bb&#xf79f;||fa||900&Prime; _builder_version=\u00a0\u00bb4.20.1&Prime; link_option_url=\u00a0\u00bb#\u00a0\u00bb icon_font_size=\u00a0\u00bb16px\u00a0\u00bb locked=\u00a0\u00bboff\u00a0\u00bb global_colors_info=\u00a0\u00bb{}\u00a0\u00bb]<\/p>\n<p>Non autoris\u00e9s<\/p>\n<p>[\/et_pb_blurb][et_pb_blurb title=\u00a0\u00bbAnnulation?\u00a0\u00bb use_icon=\u00a0\u00bbon\u00a0\u00bb font_icon=\u00a0\u00bb&#xf273;||fa||400&Prime; _builder_version=\u00a0\u00bb4.20.1&Prime; link_option_url=\u00a0\u00bb#\u00a0\u00bb icon_font_size=\u00a0\u00bb16px\u00a0\u00bb locked=\u00a0\u00bboff\u00a0\u00bb global_colors_info=\u00a0\u00bb{}\u00a0\u00bb]<\/p>\n<p><span style=\"font-size: 14px;\">Les conditions d&rsquo;annulation peuvent varier selon l&rsquo;offre<\/span><\/p>\n<p>[\/et_pb_blurb][\/et_pb_column][et_pb_column type=\u00a0\u00bb1_3&Prime; _builder_version=\u00a0\u00bb4.19.5&Prime; _module_preset=\u00a0\u00bbdefault\u00a0\u00bb custom_padding=\u00a0\u00bb24px|||\u00a0\u00bb global_colors_info=\u00a0\u00bb{}\u00a0\u00bb][et_pb_blurb title=\u00a0\u00bbCheck-in\u00a0\u00bb use_icon=\u00a0\u00bbon\u00a0\u00bb font_icon=\u00a0\u00bb&#xf5af;||fa||900&Prime; _builder_version=\u00a0\u00bb4.20.1&Prime; link_option_url=\u00a0\u00bb#\u00a0\u00bb icon_font_size=\u00a0\u00bb16px\u00a0\u00bb locked=\u00a0\u00bboff\u00a0\u00bb global_colors_info=\u00a0\u00bb{}\u00a0\u00bb]<\/p>\n<p>\u00e0 partir de 16h<\/p>\n<p>[\/et_pb_blurb][et_pb_blurb title=\u00a0\u00bbCheck-out\u00a0\u00bb use_icon=\u00a0\u00bbon\u00a0\u00bb font_icon=\u00a0\u00bb&#xf5b0;||fa||900&Prime; _builder_version=\u00a0\u00bb4.20.1&Prime; link_option_url=\u00a0\u00bb#\u00a0\u00bb icon_font_size=\u00a0\u00bb16px\u00a0\u00bb locked=\u00a0\u00bboff\u00a0\u00bb global_colors_info=\u00a0\u00bb{}\u00a0\u00bb]<\/p>\n<p>jusqu\u2019\u00e0 12h<br \/>(16h le dimanche)<\/p>\n<p>[\/et_pb_blurb][et_pb_blurb title=\u00a0\u00bbLangues\u00a0\u00bb use_icon=\u00a0\u00bbon\u00a0\u00bb font_icon=\u00a0\u00bb&#xf57d;||fa||900&Prime; _builder_version=\u00a0\u00bb4.20.1&Prime; link_option_url=\u00a0\u00bb#\u00a0\u00bb icon_font_size=\u00a0\u00bb16px\u00a0\u00bb locked=\u00a0\u00bboff\u00a0\u00bb global_colors_info=\u00a0\u00bb{}\u00a0\u00bb]<\/p>\n<ul>\n<li>Fran\u00e7ais<\/li>\n<li>Anglais<\/li>\n<li>Allemand<\/li>\n<li>N\u00e9erlandais<\/li>\n<\/ul>\n<p>[\/et_pb_blurb][\/et_pb_column][\/et_pb_row][\/et_pb_section][et_pb_section fb_built=\u00a0\u00bb1&Prime; _builder_version=\u00a0\u00bb4.20.2&Prime; _module_preset=\u00a0\u00bbdefault\u00a0\u00bb background_image=\u00a0\u00bbhttps:\/\/onano.be\/wp-content\/uploads\/2023\/02\/carteOnano.png\u00a0\u00bb max_width=\u00a0\u00bb100%\u00a0\u00bb min_height=\u00a0\u00bb300px\u00a0\u00bb height=\u00a0\u00bb300px\u00a0\u00bb max_height=\u00a0\u00bb625px\u00a0\u00bb global_colors_info=\u00a0\u00bb{}\u00a0\u00bb][\/et_pb_section]<\/p>\n","protected":false},"excerpt":{"rendered":"<p>Informations WiFi Enceinte Bluetooth Relax XL Po\u00eale \u00e0 pellets Cuisine \u00e9quip\u00e9e Four Micro-ondes Lave-vaisselle Cong\u00e9lateur Bouilloire Machine \u00e0 caf\u00e9 Nespresso Caf\u00e9 et th\u00e9 Appareil \u00e0 raclette Lit double 160 cm Linge de lit Douche Lavabo Toilette S\u00e8che-serviettes S\u00e8che-cheveux Linge de bain Papier-toilette Parking gratuit Jacuzzi (accessible toute l&rsquo;ann\u00e9e) Terrasse avec vue Mobilier ext\u00e9rieur Transats Nelhain [&hellip;]<\/p>\n","protected":false},"author":1,"featured_media":0,"parent":0,"menu_order":0,"comment_status":"closed","ping_status":"closed","template":"","meta":{"_et_pb_use_builder":"on","_et_pb_old_content":"","_et_gb_content_width":"","om_disable_all_campaigns":false,"_monsterinsights_skip_tracking":false,"_monsterinsights_sitenote_active":false,"_monsterinsights_sitenote_note":"","_monsterinsights_sitenote_category":0,"_uf_show_specific_survey":0,"_uf_disable_surveys":false,"footnotes":""},"class_list":["post-180","page","type-page","status-publish","hentry"],"aioseo_notices":[],"_links":{"self":[{"href":"https:\/\/onano.be\/index.php\/wp-json\/wp\/v2\/pages\/180","targetHints":{"allow":["GET"]}}],"collection":[{"href":"https:\/\/onano.be\/index.php\/wp-json\/wp\/v2\/pages"}],"about":[{"href":"https:\/\/onano.be\/index.php\/wp-json\/wp\/v2\/types\/page"}],"author":[{"embeddable":true,"href":"https:\/\/onano.be\/index.php\/wp-json\/wp\/v2\/users\/1"}],"replies":[{"embeddable":true,"href":"https:\/\/onano.be\/index.php\/wp-json\/wp\/v2\/comments?post=180"}],"version-history":[{"count":44,"href":"https:\/\/onano.be\/index.php\/wp-json\/wp\/v2\/pages\/180\/revisions"}],"predecessor-version":[{"id":809,"href":"https:\/\/onano.be\/index.php\/wp-json\/wp\/v2\/pages\/180\/revisions\/809"}],"wp:attachment":[{"href":"https:\/\/onano.be\/index.php\/wp-json\/wp\/v2\/media?parent=180"}],"curies":[{"name":"wp","href":"https:\/\/api.w.org\/{rel}","templated":true}]}}