{"id":367,"date":"2023-02-21T11:38:19","date_gmt":"2023-02-21T10:38:19","guid":{"rendered":"http:\/\/onano.be\/?page_id=367"},"modified":"2024-01-16T23:36:55","modified_gmt":"2024-01-16T22:36:55","slug":"mentions-legales-2","status":"publish","type":"page","link":"https:\/\/onano.be\/index.php\/mentions-legales-2\/","title":{"rendered":"Mentions l\u00e9gales"},"content":{"rendered":"<p>[et_pb_section fb_built=\u00a0\u00bb1&Prime; admin_label=\u00a0\u00bbAbout\u00a0\u00bb _builder_version=\u00a0\u00bb4.16&Prime; custom_padding=\u00a0\u00bb0|0px|0px|0px|false|false\u00a0\u00bb global_colors_info=\u00a0\u00bb{}\u00a0\u00bb][\/et_pb_section][et_pb_section fb_built=\u00a0\u00bb1&Prime; admin_label=\u00a0\u00bbGallery\u00a0\u00bb _builder_version=\u00a0\u00bb4.16&Prime; background_color=\u00a0\u00bbrgba(0,0,0,0)\u00a0\u00bb custom_padding=\u00a0\u00bb0|0px|54px|0px|false|false\u00a0\u00bb global_colors_info=\u00a0\u00bb{}\u00a0\u00bb][et_pb_row _builder_version=\u00a0\u00bb4.19.5&Prime; _module_preset=\u00a0\u00bbdefault\u00a0\u00bb global_colors_info=\u00a0\u00bb{}\u00a0\u00bb][et_pb_column type=\u00a0\u00bb4_4&Prime; _builder_version=\u00a0\u00bb4.19.5&Prime; _module_preset=\u00a0\u00bbdefault\u00a0\u00bb global_colors_info=\u00a0\u00bb{}\u00a0\u00bb][et_pb_text _builder_version=\u00a0\u00bb4.19.5&Prime; _module_preset=\u00a0\u00bbdefault\u00a0\u00bb global_colors_info=\u00a0\u00bb{}\u00a0\u00bb]<\/p>\n<h2>Mentions l\u00e9gales<\/h2>\n<p>Vous \u00eates actuellement connect\u00e9 au site internet \u00e9dit\u00e9 par \u00d4 Nano, auquel vous acc\u00e9dez par l\u2019adresse suivante :<br \/>https:\/\/onano.com<\/p>\n<h3>Editeur<\/h3>\n<p>Ce site est \u00e9dit\u00e9 par : Venus Management &amp; More<\/p>\n<p>Si\u00e8ge social\u00a0: rue bushaye 294, 4489 Aubel (BE)<br \/>Num\u00e9ro d\u2019entreprise : 0792.924.223<br \/>T\u00e9l\u00e9phone: +32499650388<br \/>Email: info@bushaye.com<\/p>\n<p>Repr\u00e9sentant l\u00e9gal et directeur de la publication\u00a0: Elodie van Melsen<\/p>\n<h3>H\u00e9bergement<\/h3>\n<p>Ce site est h\u00e9berg\u00e9 par\u00a0: OVHcloud<\/p>\n<h3>Cr\u00e9dits photos<\/h3>\n<p>L\u2019ensemble des droits photos ou images pr\u00e9sentent sur le site appartiennent \u00e0 la soci\u00e9t\u00e9 Venus Management &amp; More<\/p>\n<h3>R\u00e9alisation du site<\/h3>\n<p>PC Consiles \u2013 Pierre Calmeau<br \/>Site\u00a0:<span>\u00a0www.pc-conseils.be<\/span><br \/>Mail\u00a0: pierre.calmeau@gmail.com<\/p>\n<h3>Environnement technique<\/h3>\n<p>Site cr\u00e9e sous WordPress<\/p>\n<h3>Mise \u00e0 jour<\/h3>\n<p>Venus Management &amp; More se r\u00e9serve le droit de mettre \u00e0 jour la pr\u00e9sente notice l\u00e9gale \u00e0 tout moment. Nous invitons donc tout utilisateur \u00e0 visiter cette page lors de chaque consultation du site afin d\u2019en prendre connaissance<\/p>\n<p>[\/et_pb_text][\/et_pb_column][\/et_pb_row][\/et_pb_section]<\/p>\n","protected":false},"excerpt":{"rendered":"<p>Mentions l\u00e9gales Vous \u00eates actuellement connect\u00e9 au site internet \u00e9dit\u00e9 par \u00d4 Nano, auquel vous acc\u00e9dez par l\u2019adresse suivante :https:\/\/onano.com Editeur Ce site est \u00e9dit\u00e9 par : Venus Management &amp; More Si\u00e8ge social\u00a0: rue bushaye 294, 4489 Aubel (BE)Num\u00e9ro d\u2019entreprise : 0792.924.223T\u00e9l\u00e9phone: +32499650388Email: info@bushaye.com Repr\u00e9sentant l\u00e9gal et directeur de la publication\u00a0: Elodie van Melsen H\u00e9bergement [&hellip;]<\/p>\n","protected":false},"author":1,"featured_media":0,"parent":0,"menu_order":0,"comment_status":"closed","ping_status":"closed","template":"","meta":{"_et_pb_use_builder":"on","_et_pb_old_content":"","_et_gb_content_width":"","om_disable_all_campaigns":false,"_monsterinsights_skip_tracking":false,"_monsterinsights_sitenote_active":false,"_monsterinsights_sitenote_note":"","_monsterinsights_sitenote_category":0,"_uf_show_specific_survey":0,"_uf_disable_surveys":false,"footnotes":""},"class_list":["post-367","page","type-page","status-publish","hentry"],"aioseo_notices":[],"_links":{"self":[{"href":"https:\/\/onano.be\/index.php\/wp-json\/wp\/v2\/pages\/367","targetHints":{"allow":["GET"]}}],"collection":[{"href":"https:\/\/onano.be\/index.php\/wp-json\/wp\/v2\/pages"}],"about":[{"href":"https:\/\/onano.be\/index.php\/wp-json\/wp\/v2\/types\/page"}],"author":[{"embeddable":true,"href":"https:\/\/onano.be\/index.php\/wp-json\/wp\/v2\/users\/1"}],"replies":[{"embeddable":true,"href":"https:\/\/onano.be\/index.php\/wp-json\/wp\/v2\/comments?post=367"}],"version-history":[{"count":6,"href":"https:\/\/onano.be\/index.php\/wp-json\/wp\/v2\/pages\/367\/revisions"}],"predecessor-version":[{"id":739,"href":"https:\/\/onano.be\/index.php\/wp-json\/wp\/v2\/pages\/367\/revisions\/739"}],"wp:attachment":[{"href":"https:\/\/onano.be\/index.php\/wp-json\/wp\/v2\/media?parent=367"}],"curies":[{"name":"wp","href":"https:\/\/api.w.org\/{rel}","templated":true}]}}